{"id":5,"date":"2010-11-18T20:44:02","date_gmt":"2010-11-18T20:44:02","guid":{"rendered":"http:\/\/diasdelluviayfosforoverde.wordpress.com\/?page_id=2"},"modified":"2019-07-12T18:52:56","modified_gmt":"2019-07-12T17:52:56","slug":"about","status":"publish","type":"page","link":"https:\/\/diasdelluviayfosforoverde.es\/?page_id=5","title":{"rendered":"Sobre m\u00ed."},"content":{"rendered":"<p>Soy un personaje cualquiera que habita en una dimensi\u00f3n desconocida, luchando por hacerse hueco en una internet llena de peligros, especialmente la pirater\u00eda.<\/p>\n<p>Me gusta el cine c\u00f3modo de ver, casi de cualquier g\u00e9nero excepto western o b\u00e9lico , las lecturas que ense\u00f1en algo por lo que huyo de los best sellers,\u00a0los videojuegos de mec\u00e1nica sencilla que no necesitan de tutoriales para jugarse, por eso prefiero los cl\u00e1sicos, y la m\u00fasica de los 60, 70 y 80 y 90&#8217;s, tambi\u00e9n de cualquier g\u00e9nero pero que est\u00e9 hecha con un poco de ganas, sin necesidad de centrarse en florituras vocales o de complejas estructuras musicales, a veces lo m\u00e1s sencillo, es lo mejor.<\/p>\n<p>Adem\u00e1s de todo eso tengo <del>dos<\/del> tres gatos y los s\u00e1bados me gusta vaguear tanto como ellos, as\u00ed que no espereis una entrada en este blog, escrita en ese d\u00eda.<\/p>\n","protected":false},"excerpt":{"rendered":"<p>Soy un personaje cualquiera que habita en una dimensi\u00f3n desconocida, luchando por hacerse hueco en una internet llena de peligros, especialmente la pirater\u00eda. Me gusta el cine c\u00f3modo de ver, casi de cualquier g\u00e9nero excepto western o b\u00e9lico , las lecturas que ense\u00f1en algo por lo que huyo de los best sellers,\u00a0los videojuegos de mec\u00e1nica [&hellip;]<\/p>\n","protected":false},"author":2,"featured_media":0,"parent":0,"menu_order":0,"comment_status":"open","ping_status":"open","template":"","meta":[],"_links":{"self":[{"href":"https:\/\/diasdelluviayfosforoverde.es\/index.php?rest_route=\/wp\/v2\/pages\/5"}],"collection":[{"href":"https:\/\/diasdelluviayfosforoverde.es\/index.php?rest_route=\/wp\/v2\/pages"}],"about":[{"href":"https:\/\/diasdelluviayfosforoverde.es\/index.php?rest_route=\/wp\/v2\/types\/page"}],"author":[{"embeddable":true,"href":"https:\/\/diasdelluviayfosforoverde.es\/index.php?rest_route=\/wp\/v2\/users\/2"}],"replies":[{"embeddable":true,"href":"https:\/\/diasdelluviayfosforoverde.es\/index.php?rest_route=%2Fwp%2Fv2%2Fcomments&post=5"}],"version-history":[{"count":3,"href":"https:\/\/diasdelluviayfosforoverde.es\/index.php?rest_route=\/wp\/v2\/pages\/5\/revisions"}],"predecessor-version":[{"id":313,"href":"https:\/\/diasdelluviayfosforoverde.es\/index.php?rest_route=\/wp\/v2\/pages\/5\/revisions\/313"}],"wp:attachment":[{"href":"https:\/\/diasdelluviayfosforoverde.es\/index.php?rest_route=%2Fwp%2Fv2%2Fmedia&parent=5"}],"curies":[{"name":"wp","href":"https:\/\/api.w.org\/{rel}","templated":true}]}}